{"id":28347,"date":"2023-07-13T13:58:48","date_gmt":"2023-07-13T11:58:48","guid":{"rendered":"https:\/\/schankhelden.de\/?post_type=product&#038;p=28347"},"modified":"2024-11-17T20:55:51","modified_gmt":"2024-11-17T19:55:51","slug":"spuelboy-nu","status":"publish","type":"product","link":"https:\/\/schankhelden.de\/en\/produkt\/spuelboy-nu\/","title":{"rendered":"SP\u00dcLBOY NU inkl. Gl\u00e4sersp\u00fcltabletten"},"content":{"rendered":"<h3>SP\u00dcLBOY NU<\/h3>\n<h5>Die neue Generation ist da! Zeit f\u00fcr einen coolen Look und noch mehr Leistung &#8211; der Sp\u00fclboy NU<br \/>\nbietet alle typischen Sp\u00fclboy Vorteile und ein Hygienic Design, das begeistert. Ein Ger\u00e4t, eine L\u00f6sung: Nachhaltig in ihrer cleansten Form.<\/h5>\n<p>Kein Sp\u00fclbecken erforderlich<br \/>\n\u2022 mit besonders gro\u00dfem Vor- und Nachsp\u00fclbereich.<br \/>\n\u2022 passt f\u00fcr alle Gl\u00e4sergr\u00f6\u00dfen bis 1 Liter.<br \/>\n\u2022 Clean green! Das hei\u00dft: hygienisch sp\u00fclen ohne Strom und mit wenig Wasser.<br \/>\n\u2022 Ein Ger\u00e4t &#8211; 3 Einsatzm\u00f6glichkeiten: als moderne Standard- version, als portables Gl\u00e4sersp\u00fclger\u00e4t<br \/>\noder ma\u00dfgeschnei- dert eingebaut &#8211; immer \u00fcberzeugend.<br \/>\n\u2022 100% made in Germany.<br \/>\n\u2022 robuste Konstruktion, schnelles Anschlie\u00dfen perfekte Perfomance.<br \/>\n\u2022 einfache Pflege und Wartung.<br \/>\n\u2022 Nu ist \u00fcberall direkt einsatzbereit &#8211; ohne Becken.<br \/>\n\u2022 ein design-Objekt, mit \u00fcberzeugenden<br \/>\nAlltagsqualit\u00e4ten.<\/p>\n","protected":false},"excerpt":{"rendered":"<p>Sp\u00fclboy NU inklusive 500g Dose Gl\u00e4sersp\u00fcltabletten<\/p>\n","protected":false},"featured_media":28358,"comment_status":"open","ping_status":"closed","template":"","meta":[],"product_brand":[],"product_cat":[116,94,120],"product_tag":[],"class_list":{"0":"post-28347","1":"product","2":"type-product","3":"status-publish","4":"has-post-thumbnail","6":"product_cat-ausschankzubehoer","7":"product_cat-reinigungstechnik","8":"product_cat-reinigungszubehoer","10":"first","11":"instock","12":"taxable","13":"shipping-taxable","14":"purchasable","15":"product-type-simple"},"_links":{"self":[{"href":"https:\/\/schankhelden.de\/en\/wp-json\/wp\/v2\/product\/28347","targetHints":{"allow":["GET"]}}],"collection":[{"href":"https:\/\/schankhelden.de\/en\/wp-json\/wp\/v2\/product"}],"about":[{"href":"https:\/\/schankhelden.de\/en\/wp-json\/wp\/v2\/types\/product"}],"replies":[{"embeddable":true,"href":"https:\/\/schankhelden.de\/en\/wp-json\/wp\/v2\/comments?post=28347"}],"version-history":[{"count":4,"href":"https:\/\/schankhelden.de\/en\/wp-json\/wp\/v2\/product\/28347\/revisions"}],"predecessor-version":[{"id":28447,"href":"https:\/\/schankhelden.de\/en\/wp-json\/wp\/v2\/product\/28347\/revisions\/28447"}],"wp:featuredmedia":[{"embeddable":true,"href":"https:\/\/schankhelden.de\/en\/wp-json\/wp\/v2\/media\/28358"}],"wp:attachment":[{"href":"https:\/\/schankhelden.de\/en\/wp-json\/wp\/v2\/media?parent=28347"}],"wp:term":[{"taxonomy":"product_brand","embeddable":true,"href":"https:\/\/schankhelden.de\/en\/wp-json\/wp\/v2\/product_brand?post=28347"},{"taxonomy":"product_cat","embeddable":true,"href":"https:\/\/schankhelden.de\/en\/wp-json\/wp\/v2\/product_cat?post=28347"},{"taxonomy":"product_tag","embeddable":true,"href":"https:\/\/schankhelden.de\/en\/wp-json\/wp\/v2\/product_tag?post=28347"}],"curies":[{"name":"wp","href":"https:\/\/api.w.org\/{rel}","templated":true}]}}