{"id":27914,"date":"2023-04-11T14:19:15","date_gmt":"2023-04-11T12:19:15","guid":{"rendered":"https:\/\/schankhelden.de\/produkt\/12-koelsch-glasses\/"},"modified":"2023-06-19T12:55:58","modified_gmt":"2023-06-19T10:55:58","slug":"12er-koelschglasses","status":"publish","type":"product","link":"https:\/\/schankhelden.de\/en\/produkt\/12er-koelschglasses\/","title":{"rendered":"12 K\u00f6lsch glasses"},"content":{"rendered":"\t\t\t<link rel=\"stylesheet\" id=\"elementor-post-27892-css\" href=\"https:\/\/schankhelden.de\/wp-content\/uploads\/elementor\/css\/post-27892.css?ver=1778338227\" type=\"text\/css\" media=\"all\">\n\t\t\t\t\t<div data-elementor-type=\"wp-post\" data-elementor-id=\"27892\" class=\"elementor elementor-27892 elementor-27069\" data-elementor-post-type=\"cms_block\">\n\t\t\t\t\t\t<section class=\"elementor-section elementor-top-section elementor-element elementor-element-114b79e elementor-section-boxed elementor-section-height-default elementor-section-height-default wd-section-disabled\" data-id=\"114b79e\" data-element_type=\"section\" data-e-type=\"section\">\n\t\t\t\t\t\t<div class=\"elementor-container elementor-column-gap-default\">\n\t\t\t\t\t<div class=\"elementor-column elementor-col-66 elementor-top-column elementor-element elementor-element-6206398\" data-id=\"6206398\" data-element_type=\"column\" data-e-type=\"column\">\n\t\t\t<div class=\"elementor-widget-wrap elementor-element-populated\">\n\t\t\t\t\t\t<div class=\"elementor-element elementor-element-731533e elementor-widget elementor-widget-heading\" data-id=\"731533e\" data-element_type=\"widget\" data-e-type=\"widget\" data-widget_type=\"heading.default\">\n\t\t\t\t<div class=\"elementor-widget-container\">\n\t\t\t\t\t<h2 class=\"elementor-heading-title elementor-size-default\">K\u00f6lsch glasses - a must for every K\u00f6lsch lover<\/h2>\t\t\t\t<\/div>\n\t\t\t\t<\/div>\n\t\t\t\t<div class=\"elementor-element elementor-element-d87d2b8 color-scheme-inherit text-left elementor-widget elementor-widget-text-editor\" data-id=\"d87d2b8\" data-element_type=\"widget\" data-e-type=\"widget\" data-widget_type=\"text-editor.default\">\n\t\t\t\t<div class=\"elementor-widget-container\">\n\t\t\t\t\t\t\t\t\t<p>When you drink K\u00f6lsch, you should do it the authentic way. A K\u00f6lsch glass is the traditional drinking vessel for K\u00f6lsch and makes you feel like you are a part of Cologne&#8217;s beer culture.<br \/>Our K\u00f6lsch glass is designed to maximize the aroma and taste of K\u00f6lsch. The slim design and narrow opening of the glass ensure that the beer stays cool and fresh, allowing the aroma and flavor to be fully appreciated.<br \/>. It is ideal for parties or events where you want to share the beer with others. A K\u00f6lsch glass is a symbol of Cologne beer culture and tradition. It is a piece of history that you can hold in your hand. . <\/p>\n\t\t\t\t\t\t\t\t<\/div>\n\t\t\t\t<\/div>\n\t\t\t\t\t<\/div>\n\t\t<\/div>\n\t\t\t\t<div class=\"elementor-column elementor-col-33 elementor-top-column elementor-element elementor-element-2d00cc6\" data-id=\"2d00cc6\" data-element_type=\"column\" data-e-type=\"column\">\n\t\t\t<div class=\"elementor-widget-wrap elementor-element-populated\">\n\t\t\t\t\t\t<div class=\"elementor-element elementor-element-081b12a elementor-widget elementor-widget-image\" data-id=\"081b12a\" data-element_type=\"widget\" data-e-type=\"widget\" data-widget_type=\"image.default\">\n\t\t\t\t<div class=\"elementor-widget-container\">\n\t\t\t\t\t\t\t\t\t\t\t\t\t\t\t<img fetchpriority=\"high\" decoding=\"async\" width=\"800\" height=\"800\" src=\"https:\/\/schankhelden.de\/wp-content\/uploads\/2023\/04\/FassFrisch_Koelsch-800x800.jpg\" class=\"attachment-large size-large wp-image-27064\" alt=\"\" srcset=\"https:\/\/schankhelden.de\/wp-content\/uploads\/2023\/04\/FassFrisch_Koelsch-800x800.jpg 800w, https:\/\/schankhelden.de\/wp-content\/uploads\/2023\/04\/FassFrisch_Koelsch-430x430.jpg 430w, https:\/\/schankhelden.de\/wp-content\/uploads\/2023\/04\/FassFrisch_Koelsch-150x150.jpg 150w, https:\/\/schankhelden.de\/wp-content\/uploads\/2023\/04\/FassFrisch_Koelsch-700x700.jpg 700w, https:\/\/schankhelden.de\/wp-content\/uploads\/2023\/04\/FassFrisch_Koelsch-300x300.jpg 300w, https:\/\/schankhelden.de\/wp-content\/uploads\/2023\/04\/FassFrisch_Koelsch-768x768.jpg 768w, https:\/\/schankhelden.de\/wp-content\/uploads\/2023\/04\/FassFrisch_Koelsch-860x860.jpg 860w, https:\/\/schankhelden.de\/wp-content\/uploads\/2023\/04\/FassFrisch_Koelsch.jpg 1024w\" sizes=\"(max-width: 800px) 100vw, 800px\" \/>\t\t\t\t\t\t\t\t\t\t\t\t\t\t\t<\/div>\n\t\t\t\t<\/div>\n\t\t\t\t\t<\/div>\n\t\t<\/div>\n\t\t\t\t\t<\/div>\n\t\t<\/section>\n\t\t\t\t<\/div>\n\t\t\n","protected":false},"excerpt":{"rendered":"<p>Set of 12 K\u00f6lsch glasses 0.2 liters<\/p>\n","protected":false},"featured_media":27686,"comment_status":"open","ping_status":"closed","template":"","meta":[],"product_brand":[],"product_cat":[154,153],"product_tag":[],"class_list":{"0":"post-27914","1":"product","2":"type-product","3":"status-publish","4":"has-post-thumbnail","6":"product_cat-dispensing-accessories","7":"product_cat-dispensing-technology","8":"product_shipping_class-parcel-shipping","10":"first","11":"instock","12":"taxable","13":"shipping-taxable","14":"purchasable","15":"product-type-simple"},"_links":{"self":[{"href":"https:\/\/schankhelden.de\/en\/wp-json\/wp\/v2\/product\/27914","targetHints":{"allow":["GET"]}}],"collection":[{"href":"https:\/\/schankhelden.de\/en\/wp-json\/wp\/v2\/product"}],"about":[{"href":"https:\/\/schankhelden.de\/en\/wp-json\/wp\/v2\/types\/product"}],"replies":[{"embeddable":true,"href":"https:\/\/schankhelden.de\/en\/wp-json\/wp\/v2\/comments?post=27914"}],"version-history":[{"count":1,"href":"https:\/\/schankhelden.de\/en\/wp-json\/wp\/v2\/product\/27914\/revisions"}],"predecessor-version":[{"id":28072,"href":"https:\/\/schankhelden.de\/en\/wp-json\/wp\/v2\/product\/27914\/revisions\/28072"}],"wp:featuredmedia":[{"embeddable":true,"href":"https:\/\/schankhelden.de\/en\/wp-json\/wp\/v2\/media\/27686"}],"wp:attachment":[{"href":"https:\/\/schankhelden.de\/en\/wp-json\/wp\/v2\/media?parent=27914"}],"wp:term":[{"taxonomy":"product_brand","embeddable":true,"href":"https:\/\/schankhelden.de\/en\/wp-json\/wp\/v2\/product_brand?post=27914"},{"taxonomy":"product_cat","embeddable":true,"href":"https:\/\/schankhelden.de\/en\/wp-json\/wp\/v2\/product_cat?post=27914"},{"taxonomy":"product_tag","embeddable":true,"href":"https:\/\/schankhelden.de\/en\/wp-json\/wp\/v2\/product_tag?post=27914"}],"curies":[{"name":"wp","href":"https:\/\/api.w.org\/{rel}","templated":true}]}}